{"id":669,"date":"2020-10-08T17:05:01","date_gmt":"2020-10-08T15:05:01","guid":{"rendered":"http:\/\/www.jazzpresov.sk\/?page_id=669"},"modified":"2020-10-18T21:31:20","modified_gmt":"2020-10-18T19:31:20","slug":"podporte-festival","status":"publish","type":"page","link":"https:\/\/www.jazzpresov.sk\/index.php\/podporte-festival\/","title":{"rendered":"Podporte festival"},"content":{"rendered":"\t\t<div data-elementor-type=\"wp-post\" data-elementor-id=\"669\" class=\"elementor elementor-669\">\n\t\t\t\t\t\t<section class=\"elementor-section elementor-top-section elementor-element elementor-element-c672d49 elementor-section-boxed elementor-section-height-default elementor-section-height-default\" data-id=\"c672d49\" data-element_type=\"section\">\n\t\t\t\t\t\t<div class=\"elementor-container elementor-column-gap-default\">\n\t\t\t\t\t<div class=\"elementor-column elementor-col-50 elementor-top-column elementor-element elementor-element-1b0bc89\" data-id=\"1b0bc89\" data-element_type=\"column\">\n\t\t\t<div class=\"elementor-widget-wrap elementor-element-populated\">\n\t\t\t\t\t\t<div class=\"elementor-element elementor-element-e14c929 elementor-widget elementor-widget-text-editor\" data-id=\"e14c929\" data-element_type=\"widget\" data-widget_type=\"text-editor.default\">\n\t\t\t\t<div class=\"elementor-widget-container\">\n\t\t\t\t\t\t\t<p><span style=\"color: #000000;\">Tento rok si m\u00f4\u017eete festival vychutna\u0165 z pohodlia domova zadarmo, ak v\u0161ak chcete podpori\u0165 festival, m\u00f4\u017eete tak urobi\u0165 tu:<br \/>Vopred \u010fakujeme \ud83d\ude42<\/span><\/p>\t\t\t\t\t\t<\/div>\n\t\t\t\t<\/div>\n\t\t\t\t\t<\/div>\n\t\t<\/div>\n\t\t\t\t<div class=\"elementor-column elementor-col-50 elementor-top-column elementor-element elementor-element-92125db\" data-id=\"92125db\" data-element_type=\"column\">\n\t\t\t<div class=\"elementor-widget-wrap elementor-element-populated\">\n\t\t\t\t\t\t<div class=\"elementor-element elementor-element-60af530 elementor-button-info elementor-align-center elementor-widget elementor-widget-button\" data-id=\"60af530\" data-element_type=\"widget\" data-widget_type=\"button.default\">\n\t\t\t\t<div class=\"elementor-widget-container\">\n\t\t\t\t\t<div class=\"elementor-button-wrapper\">\n\t\t\t<a class=\"elementor-button elementor-button-link elementor-size-xl\" href=\"https:\/\/tootoot.fm\/sk\/stream\/5f6a510777cbba0e18e94df7\">\n\t\t\t\t\t\t<span class=\"elementor-button-content-wrapper\">\n\t\t\t\t\t\t<span class=\"elementor-button-icon\">\n\t\t\t\t<i aria-hidden=\"true\" class=\"fas fa-donate\"><\/i>\t\t\t<\/span>\n\t\t\t\t\t\t\t\t\t<span class=\"elementor-button-text\">PODPORI\u0164 FESTIVAL<\/span>\n\t\t\t\t\t<\/span>\n\t\t\t\t\t<\/a>\n\t\t<\/div>\n\t\t\t\t<\/div>\n\t\t\t\t<\/div>\n\t\t\t\t\t<\/div>\n\t\t<\/div>\n\t\t\t\t\t<\/div>\n\t\t<\/section>\n\t\t\t\t<\/div>\n\t\t","protected":false},"excerpt":{"rendered":"<p>Tento rok si m\u00f4\u017eete festival vychutna\u0165 z pohodlia domova zadarmo, ak v\u0161ak chcete podpori\u0165 festival, m\u00f4\u017eete tak urobi\u0165 tu:Vopred \u010fakujeme \ud83d\ude42 PODPORI\u0164 FESTIVAL<\/p>\n","protected":false},"author":1,"featured_media":0,"parent":0,"menu_order":0,"comment_status":"closed","ping_status":"closed","template":"elementor_header_footer","meta":{"footnotes":""},"class_list":["post-669","page","type-page","status-publish","hentry"],"_links":{"self":[{"href":"https:\/\/www.jazzpresov.sk\/index.php\/wp-json\/wp\/v2\/pages\/669"}],"collection":[{"href":"https:\/\/www.jazzpresov.sk\/index.php\/wp-json\/wp\/v2\/pages"}],"about":[{"href":"https:\/\/www.jazzpresov.sk\/index.php\/wp-json\/wp\/v2\/types\/page"}],"author":[{"embeddable":true,"href":"https:\/\/www.jazzpresov.sk\/index.php\/wp-json\/wp\/v2\/users\/1"}],"replies":[{"embeddable":true,"href":"https:\/\/www.jazzpresov.sk\/index.php\/wp-json\/wp\/v2\/comments?post=669"}],"version-history":[{"count":5,"href":"https:\/\/www.jazzpresov.sk\/index.php\/wp-json\/wp\/v2\/pages\/669\/revisions"}],"predecessor-version":[{"id":739,"href":"https:\/\/www.jazzpresov.sk\/index.php\/wp-json\/wp\/v2\/pages\/669\/revisions\/739"}],"wp:attachment":[{"href":"https:\/\/www.jazzpresov.sk\/index.php\/wp-json\/wp\/v2\/media?parent=669"}],"curies":[{"name":"wp","href":"https:\/\/api.w.org\/{rel}","templated":true}]}}