{"id":1887,"date":"2025-09-05T11:22:45","date_gmt":"2025-09-05T09:22:45","guid":{"rendered":"https:\/\/www.jazzpresov.sk\/?page_id=1887"},"modified":"2025-09-05T11:26:07","modified_gmt":"2025-09-05T09:26:07","slug":"25alanbartus","status":"publish","type":"page","link":"https:\/\/www.jazzpresov.sk\/index.php\/25alanbartus\/","title":{"rendered":"ALAN BARTU\u0160 NY TRIO \/SK, US\/"},"content":{"rendered":"\t\t<div data-elementor-type=\"wp-page\" data-elementor-id=\"1887\" class=\"elementor elementor-1887\">\n\t\t\t\t\t\t<section class=\"elementor-section elementor-top-section elementor-element elementor-element-163d89e0 elementor-section-boxed elementor-section-height-default elementor-section-height-default\" data-id=\"163d89e0\" data-element_type=\"section\">\n\t\t\t\t\t\t<div class=\"elementor-container elementor-column-gap-default\">\n\t\t\t\t\t<div class=\"elementor-column elementor-col-100 elementor-top-column elementor-element elementor-element-7a828278\" data-id=\"7a828278\" data-element_type=\"column\">\n\t\t\t<div class=\"elementor-widget-wrap elementor-element-populated\">\n\t\t\t\t\t\t<div class=\"elementor-element elementor-element-445c95ba elementor-widget elementor-widget-text-editor\" data-id=\"445c95ba\" data-element_type=\"widget\" data-widget_type=\"text-editor.default\">\n\t\t\t\t<div class=\"elementor-widget-container\">\n\t\t\t\t\t\t\t<!-- wp:paragraph -->\n<p>Piatok, 24.10.2025, PKO &#8211; \u010cierny orol<\/p>\n<!-- \/wp:paragraph -->\n\n<!-- wp:paragraph -->\n<p>Klavirista a skladate\u013e Alan Bartu\u0161 patr\u00ed medzi najv\u00fdraznej\u0161\u00edch umelcov jazzu vo svete do 30 rokov. Ako semifinalista najprest\u00ed\u017enej\u0161ej svetovej s\u00fa\u0165a\u017ee \u2013 <em>Herbie Hancock International Jazz Piano Competition 2023<\/em> (predt\u00fdm Monk Competition) \u2013 sa zaradil medzi <strong>Top 10 jazzov\u00fdch klaviristov svojej gener\u00e1cie<\/strong>. Je laure\u00e1tom mnoh\u00fdch s\u00fa\u0165a\u017e\u00ed, napr\u00edklad <em>Langnau Jazz Piano Competition<\/em> (CH), <em>Dave Brubeck Composer &amp; Pianist Award<\/em> (US), <em>\u00d61 Jazz Prize<\/em> (AT) a <em>ARTEDEA Award<\/em> (AT) at\u010f. Disponuje tie\u017e viacer\u00fdmi oceneniami zo s\u00fa\u0165a\u017e\u00ed v interpret\u00e1cii v\u00e1\u017enej hudby. V roku 2025 bol zaraden\u00fd do prest\u00ed\u017eneho rebr\u00ed\u010dka <strong>Forbes 30 pod 30 Slovensko<\/strong> v kateg\u00f3rii umenie.<\/p>\n<!-- \/wp:paragraph -->\n\n<!-- wp:paragraph -->\n<p>Alan Bartu\u0161 je absolventom prest\u00ed\u017enej <strong>Manhattan School of Music<\/strong> v New Yorku, kde sa stal akt\u00edvnym \u010dlenom tamoj\u0161ej pulzuj\u00facej jazzovej sc\u00e9ny. Pravidelne vystupuje na svetov\u00fdch p\u00f3di\u00e1ch ako Lincoln Center, Dizzy\u2019s Club, Smalls, Performing Arts Center (PAC NYC) po boku legiend ako <strong>Jeff &#8222;Tain&#8220; Watts<\/strong>, <strong>Bob Hurst<\/strong>, <strong>Jerry Bergonzi<\/strong>, <strong>Tim Armacost<\/strong>, <strong>Melissa Aldana<\/strong>, <strong>Gregory Hutchinson<\/strong>, <strong>Tony Lakatos<\/strong>, <strong>Rodney Green<\/strong>, <strong>John Riley<\/strong>, <strong>Dezron Douglas<\/strong> a mnoh\u00fdch \u010fal\u0161\u00edch.V s\u00fa\u010dasnosti uv\u00e1dza kompoz\u00edcie zo svojho pripravovan\u00e9ho albumu <em>Deep Roots<\/em> \u2013 siln\u00e9ho autorsk\u00e9ho projektu, v ktorom prep\u00e1ja trad\u00edciu s modernou jazzovou estetikou newyorskej \u0161koly. Na p\u00f3diu sa k nemu prid\u00e1 otec \u0160tefan Bartu\u0161 a vynikaj\u00faci buben\u00edk Michael Ode, Alanov spoluhr\u00e1\u010d z pravideln\u00fdch koncertov na New Yorskej sc\u00e9ne, zn\u00e1my aj z kapely Kennyho Garretta.<\/p>\n<!-- \/wp:paragraph -->\t\t\t\t\t\t<\/div>\n\t\t\t\t<\/div>\n\t\t\t\t\t<\/div>\n\t\t<\/div>\n\t\t\t\t\t<\/div>\n\t\t<\/section>\n\t\t\t\t<section class=\"elementor-section elementor-top-section elementor-element elementor-element-9adb09f elementor-section-boxed elementor-section-height-default elementor-section-height-default\" data-id=\"9adb09f\" data-element_type=\"section\">\n\t\t\t\t\t\t<div class=\"elementor-container elementor-column-gap-default\">\n\t\t\t\t\t<div class=\"elementor-column elementor-col-100 elementor-top-column elementor-element elementor-element-f4a40e0\" data-id=\"f4a40e0\" data-element_type=\"column\">\n\t\t\t<div class=\"elementor-widget-wrap elementor-element-populated\">\n\t\t\t\t\t\t<div class=\"elementor-element elementor-element-9d55998 elementor-widget elementor-widget-video\" data-id=\"9d55998\" data-element_type=\"widget\" data-settings=\"{&quot;youtube_url&quot;:&quot;https:\\\/\\\/www.youtube.com\\\/watch?v=hX_IuNQI3hU&quot;,&quot;video_type&quot;:&quot;youtube&quot;,&quot;controls&quot;:&quot;yes&quot;}\" data-widget_type=\"video.default\">\n\t\t\t\t<div class=\"elementor-widget-container\">\n\t\t\t\t\t<div class=\"elementor-wrapper elementor-open-inline\">\n\t\t\t<div class=\"elementor-video\"><\/div>\t\t<\/div>\n\t\t\t\t<\/div>\n\t\t\t\t<\/div>\n\t\t\t\t\t<\/div>\n\t\t<\/div>\n\t\t\t\t\t<\/div>\n\t\t<\/section>\n\t\t\t\t<section class=\"elementor-section elementor-top-section elementor-element elementor-element-0ae6dcb elementor-section-boxed elementor-section-height-default elementor-section-height-default\" data-id=\"0ae6dcb\" data-element_type=\"section\">\n\t\t\t\t\t\t<div class=\"elementor-container elementor-column-gap-default\">\n\t\t\t\t\t<div class=\"elementor-column elementor-col-100 elementor-top-column elementor-element elementor-element-e3854dd\" data-id=\"e3854dd\" data-element_type=\"column\">\n\t\t\t<div class=\"elementor-widget-wrap elementor-element-populated\">\n\t\t\t\t\t\t<div class=\"elementor-element elementor-element-8561727 elementor-widget elementor-widget-image\" data-id=\"8561727\" data-element_type=\"widget\" data-widget_type=\"image.default\">\n\t\t\t\t<div class=\"elementor-widget-container\">\n\t\t\t\t\t\t\t\t\t\t\t\t\t<img fetchpriority=\"high\" decoding=\"async\" width=\"640\" height=\"480\" src=\"https:\/\/www.jazzpresov.sk\/wp-content\/uploads\/2025\/09\/Alan-NY-by-Milan-Navratil-640x480.jpg\" class=\"attachment-musican-featured size-musican-featured wp-image-1788\" alt=\"\" \/>\t\t\t\t\t\t\t\t\t\t\t\t\t<\/div>\n\t\t\t\t<\/div>\n\t\t\t\t\t<\/div>\n\t\t<\/div>\n\t\t\t\t\t<\/div>\n\t\t<\/section>\n\t\t\t\t<\/div>\n\t\t","protected":false},"excerpt":{"rendered":"<p>Piatok, 24.10.2025, PKO &#8211; \u010cierny orol Klavirista a skladate\u013e Alan Bartu\u0161 patr\u00ed medzi najv\u00fdraznej\u0161\u00edch umelcov jazzu vo svete do 30 rokov. Ako semifinalista najprest\u00ed\u017enej\u0161ej svetovej s\u00fa\u0165a\u017ee \u2013 Herbie Hancock International Jazz Piano Competition 2023 (predt\u00fdm Monk Competition) \u2013 sa zaradil medzi Top 10 jazzov\u00fdch klaviristov svojej gener\u00e1cie. Je laure\u00e1tom mnoh\u00fdch s\u00fa\u0165a\u017e\u00ed, napr\u00edklad Langnau Jazz Piano [&hellip;]<\/p>\n","protected":false},"author":2,"featured_media":0,"parent":0,"menu_order":0,"comment_status":"closed","ping_status":"closed","template":"","meta":{"footnotes":""},"class_list":["post-1887","page","type-page","status-publish","hentry"],"_links":{"self":[{"href":"https:\/\/www.jazzpresov.sk\/index.php\/wp-json\/wp\/v2\/pages\/1887"}],"collection":[{"href":"https:\/\/www.jazzpresov.sk\/index.php\/wp-json\/wp\/v2\/pages"}],"about":[{"href":"https:\/\/www.jazzpresov.sk\/index.php\/wp-json\/wp\/v2\/types\/page"}],"author":[{"embeddable":true,"href":"https:\/\/www.jazzpresov.sk\/index.php\/wp-json\/wp\/v2\/users\/2"}],"replies":[{"embeddable":true,"href":"https:\/\/www.jazzpresov.sk\/index.php\/wp-json\/wp\/v2\/comments?post=1887"}],"version-history":[{"count":4,"href":"https:\/\/www.jazzpresov.sk\/index.php\/wp-json\/wp\/v2\/pages\/1887\/revisions"}],"predecessor-version":[{"id":1895,"href":"https:\/\/www.jazzpresov.sk\/index.php\/wp-json\/wp\/v2\/pages\/1887\/revisions\/1895"}],"wp:attachment":[{"href":"https:\/\/www.jazzpresov.sk\/index.php\/wp-json\/wp\/v2\/media?parent=1887"}],"curies":[{"name":"wp","href":"https:\/\/api.w.org\/{rel}","templated":true}]}}