{"id":1866,"date":"2025-09-04T18:32:23","date_gmt":"2025-09-04T16:32:23","guid":{"rendered":"https:\/\/www.jazzpresov.sk\/?page_id=1866"},"modified":"2025-09-04T18:35:47","modified_gmt":"2025-09-04T16:35:47","slug":"25gapameciar","status":"publish","type":"page","link":"https:\/\/www.jazzpresov.sk\/index.php\/25gapameciar\/","title":{"rendered":"GAPA &amp; ME\u010cIAR BLUES CONNECTION feat. ADEAMA WALKOWIAK \/SK, UK\/"},"content":{"rendered":"\t\t<div data-elementor-type=\"wp-page\" data-elementor-id=\"1866\" class=\"elementor elementor-1866\">\n\t\t\t\t\t\t<section class=\"elementor-section elementor-top-section elementor-element elementor-element-5631827d elementor-section-boxed elementor-section-height-default elementor-section-height-default\" data-id=\"5631827d\" data-element_type=\"section\">\n\t\t\t\t\t\t<div class=\"elementor-container elementor-column-gap-default\">\n\t\t\t\t\t<div class=\"elementor-column elementor-col-100 elementor-top-column elementor-element elementor-element-48f9d14d\" data-id=\"48f9d14d\" data-element_type=\"column\">\n\t\t\t<div class=\"elementor-widget-wrap elementor-element-populated\">\n\t\t\t\t\t\t<div class=\"elementor-element elementor-element-fff7c18 elementor-widget elementor-widget-text-editor\" data-id=\"fff7c18\" data-element_type=\"widget\" data-widget_type=\"text-editor.default\">\n\t\t\t\t<div class=\"elementor-widget-container\">\n\t\t\t\t\t\t\t<p><!-- wp:paragraph --><\/p>\n<p>Piatok 24.10.2025, PKO &#8211; \u010cierny orol<\/p>\n<p><!-- \/wp:paragraph --><\/p>\n<p><!-- wp:paragraph --><\/p>\n<p>Popredn\u00ed slovensk\u00ed hudobn\u00edci, ktor\u00ed spolupracuj\u00fa s top slovenskou popovou \u010di jazzovou spi\u010dkou V\u00e1m zahraj\u00fa plnokrvn\u00fd blues &amp; funk.\u00a0<\/p>\n<p><!-- \/wp:paragraph --><\/p>\n<p><!-- wp:paragraph --><\/p>\n<p>Spojenie pre\u0161ovsk\u00e9ho funk-jazzov\u00e9ho saxofonistu M\u00e1ria &#8222;Gapa&#8220; Garberu (IMT Smile) s bluesov\u00fdm gitaristom a spev\u00e1kom Romanom Me\u010diarom (Robo Opatovsk\u00fd)\u00a0<span style=\"font-family: var( --e-global-typography-text-font-family ), Sans-serif; font-size: 1rem;\">z Bojn\u00edc v kapele Gapa &amp; Me\u010diar Blues Connection sa uk\u00e1zalo ako neoby\u010dajne \u0161\u0165astn\u00e9. Kapelu zalo\u017eili pred 15 rokmi a odohrali u\u017e spolu mno\u017estvo klubovych \u010di festivalov\u00fdch show koncertov nie len na Slovensku. Neoddelite\u013en\u00e1 dvojica nebude ch\u00fdba\u0165 ani na JAZZ Pre\u0161ov, kde odohraj\u00fa autorsk\u00e9 skladby, ale aj zn\u00e1me blues \u0161tandardy samozrejme vo vlastn\u00fdch \u00faprav\u00e1ch.<\/span><\/p>\n<p><!-- \/wp:paragraph --><\/p>\n<p><!-- wp:paragraph --><\/p>\n<p>Adeama Walkowiak je britsk\u00e1 spev\u00e1\u010dka s hlbok\u00fdmi hudobn\u00fdmi kore\u0148mi, dc\u00e9ra hudobn\u00edkov, ktor\u00ed spolupracovali s hviezdami ako Chaka Khan, Whitney Houston \u010di Gary Moore. M\u00e1 vy\u0161e 30 rokov sk\u00fasenost\u00ed, koncertuje po celej Eur\u00f3pe a so svojou kapelou Wild Flame vyhrala Polish Blues Challenge 2024, v\u010faka \u010domu bude v roku 2025 reprezentova\u0165 Po\u013esko na European Blues Challenge v Chorv\u00e1tsku. Dvojn\u00e1sobne z\u00edskala titul Spev\u00e1\u010dka roka pod\u013ea posluch\u00e1\u010dov r\u00e1dia <em>Luz Blues<\/em> a patr\u00ed k najv\u00fdraznej\u0161\u00edm osobnostiam s\u00fa\u010dasnej bluesovej sc\u00e9ny.<\/p>\n<p><!-- \/wp:paragraph --><\/p>\t\t\t\t\t\t<\/div>\n\t\t\t\t<\/div>\n\t\t\t\t\t<\/div>\n\t\t<\/div>\n\t\t\t\t\t<\/div>\n\t\t<\/section>\n\t\t\t\t<section class=\"elementor-section elementor-top-section elementor-element elementor-element-19e6700 elementor-section-boxed elementor-section-height-default elementor-section-height-default\" data-id=\"19e6700\" data-element_type=\"section\">\n\t\t\t\t\t\t<div class=\"elementor-container elementor-column-gap-default\">\n\t\t\t\t\t<div class=\"elementor-column elementor-col-100 elementor-top-column elementor-element elementor-element-b15dc50\" data-id=\"b15dc50\" data-element_type=\"column\">\n\t\t\t<div class=\"elementor-widget-wrap\">\n\t\t\t\t\t\t\t<\/div>\n\t\t<\/div>\n\t\t\t\t\t<\/div>\n\t\t<\/section>\n\t\t\t\t<section class=\"elementor-section elementor-top-section elementor-element elementor-element-98bcd25 elementor-section-boxed elementor-section-height-default elementor-section-height-default\" data-id=\"98bcd25\" data-element_type=\"section\">\n\t\t\t\t\t\t<div class=\"elementor-container elementor-column-gap-default\">\n\t\t\t\t\t<div class=\"elementor-column elementor-col-100 elementor-top-column elementor-element elementor-element-0737b7e\" data-id=\"0737b7e\" data-element_type=\"column\">\n\t\t\t<div class=\"elementor-widget-wrap elementor-element-populated\">\n\t\t\t\t\t\t<div class=\"elementor-element elementor-element-a72772b elementor-widget elementor-widget-video\" data-id=\"a72772b\" data-element_type=\"widget\" data-settings=\"{&quot;youtube_url&quot;:&quot;https:\\\/\\\/www.youtube.com\\\/watch?v=sBbONweLABE&quot;,&quot;video_type&quot;:&quot;youtube&quot;,&quot;controls&quot;:&quot;yes&quot;}\" data-widget_type=\"video.default\">\n\t\t\t\t<div class=\"elementor-widget-container\">\n\t\t\t\t\t<div class=\"elementor-wrapper elementor-open-inline\">\n\t\t\t<div class=\"elementor-video\"><\/div>\t\t<\/div>\n\t\t\t\t<\/div>\n\t\t\t\t<\/div>\n\t\t\t\t<div class=\"elementor-element elementor-element-411edd7 elementor-widget elementor-widget-image\" data-id=\"411edd7\" data-element_type=\"widget\" data-widget_type=\"image.default\">\n\t\t\t\t<div class=\"elementor-widget-container\">\n\t\t\t\t\t\t\t\t\t\t\t\t\t<img fetchpriority=\"high\" decoding=\"async\" width=\"2181\" height=\"1067\" src=\"https:\/\/www.jazzpresov.sk\/wp-content\/uploads\/2025\/09\/image_123650291.jpg\" class=\"attachment-full size-full wp-image-1790\" alt=\"\" srcset=\"https:\/\/www.jazzpresov.sk\/wp-content\/uploads\/2025\/09\/image_123650291.jpg 2181w, https:\/\/www.jazzpresov.sk\/wp-content\/uploads\/2025\/09\/image_123650291-300x147.jpg 300w, https:\/\/www.jazzpresov.sk\/wp-content\/uploads\/2025\/09\/image_123650291-1024x501.jpg 1024w, https:\/\/www.jazzpresov.sk\/wp-content\/uploads\/2025\/09\/image_123650291-768x376.jpg 768w, https:\/\/www.jazzpresov.sk\/wp-content\/uploads\/2025\/09\/image_123650291-1536x751.jpg 1536w, https:\/\/www.jazzpresov.sk\/wp-content\/uploads\/2025\/09\/image_123650291-2048x1002.jpg 2048w\" sizes=\"(max-width: 2181px) 100vw, 2181px\" \/>\t\t\t\t\t\t\t\t\t\t\t\t\t<\/div>\n\t\t\t\t<\/div>\n\t\t\t\t\t<\/div>\n\t\t<\/div>\n\t\t\t\t\t<\/div>\n\t\t<\/section>\n\t\t\t\t<\/div>\n\t\t","protected":false},"excerpt":{"rendered":"<p>Piatok 24.10.2025, PKO &#8211; \u010cierny orol Popredn\u00ed slovensk\u00ed hudobn\u00edci, ktor\u00ed spolupracuj\u00fa s top slovenskou popovou \u010di jazzovou spi\u010dkou V\u00e1m zahraj\u00fa plnokrvn\u00fd blues &amp; funk.\u00a0 Spojenie pre\u0161ovsk\u00e9ho funk-jazzov\u00e9ho saxofonistu M\u00e1ria &#8222;Gapa&#8220; Garberu (IMT Smile) s bluesov\u00fdm gitaristom a spev\u00e1kom Romanom Me\u010diarom (Robo Opatovsk\u00fd)\u00a0z Bojn\u00edc v kapele Gapa &amp; Me\u010diar Blues Connection sa uk\u00e1zalo ako neoby\u010dajne \u0161\u0165astn\u00e9. [&hellip;]<\/p>\n","protected":false},"author":2,"featured_media":0,"parent":0,"menu_order":0,"comment_status":"closed","ping_status":"closed","template":"","meta":{"footnotes":""},"class_list":["post-1866","page","type-page","status-publish","hentry"],"_links":{"self":[{"href":"https:\/\/www.jazzpresov.sk\/index.php\/wp-json\/wp\/v2\/pages\/1866"}],"collection":[{"href":"https:\/\/www.jazzpresov.sk\/index.php\/wp-json\/wp\/v2\/pages"}],"about":[{"href":"https:\/\/www.jazzpresov.sk\/index.php\/wp-json\/wp\/v2\/types\/page"}],"author":[{"embeddable":true,"href":"https:\/\/www.jazzpresov.sk\/index.php\/wp-json\/wp\/v2\/users\/2"}],"replies":[{"embeddable":true,"href":"https:\/\/www.jazzpresov.sk\/index.php\/wp-json\/wp\/v2\/comments?post=1866"}],"version-history":[{"count":4,"href":"https:\/\/www.jazzpresov.sk\/index.php\/wp-json\/wp\/v2\/pages\/1866\/revisions"}],"predecessor-version":[{"id":1874,"href":"https:\/\/www.jazzpresov.sk\/index.php\/wp-json\/wp\/v2\/pages\/1866\/revisions\/1874"}],"wp:attachment":[{"href":"https:\/\/www.jazzpresov.sk\/index.php\/wp-json\/wp\/v2\/media?parent=1866"}],"curies":[{"name":"wp","href":"https:\/\/api.w.org\/{rel}","templated":true}]}}