{"id":1857,"date":"2025-09-04T18:17:50","date_gmt":"2025-09-04T16:17:50","guid":{"rendered":"https:\/\/www.jazzpresov.sk\/?page_id=1857"},"modified":"2025-09-04T18:22:05","modified_gmt":"2025-09-04T16:22:05","slug":"25lashgrey","status":"publish","type":"page","link":"https:\/\/www.jazzpresov.sk\/index.php\/25lashgrey\/","title":{"rendered":"LASH&amp;GREY feat. MARTIN VALIHORA, RICHARD CSINO a MUCHA QUARTET \/SK\/"},"content":{"rendered":"\t\t<div data-elementor-type=\"wp-page\" data-elementor-id=\"1857\" class=\"elementor elementor-1857\">\n\t\t\t\t\t\t<section class=\"elementor-section elementor-top-section elementor-element elementor-element-7a0db57f elementor-section-boxed elementor-section-height-default elementor-section-height-default\" data-id=\"7a0db57f\" data-element_type=\"section\">\n\t\t\t\t\t\t<div class=\"elementor-container elementor-column-gap-default\">\n\t\t\t\t\t<div class=\"elementor-column elementor-col-100 elementor-top-column elementor-element elementor-element-44c79d86\" data-id=\"44c79d86\" data-element_type=\"column\">\n\t\t\t<div class=\"elementor-widget-wrap elementor-element-populated\">\n\t\t\t\t\t\t<div class=\"elementor-element elementor-element-7507d38c elementor-widget elementor-widget-text-editor\" data-id=\"7507d38c\" data-element_type=\"widget\" data-widget_type=\"text-editor.default\">\n\t\t\t\t<div class=\"elementor-widget-container\">\n\t\t\t\t\t\t\t<!-- wp:paragraph -->\n<p>\u0160tvrtok 23.10.2025, PKO &#8211; \u010cierny orol<\/p>\n<!-- \/wp:paragraph -->\n\n<!-- wp:paragraph -->\n<p>Lash&amp;Grey patria medzi najv\u00fdraznej\u0161ie talenty s\u00fa\u010dasnej slovenskej hudobnej sc\u00e9ny. Ich autorsk\u00e1 tvorba a mimoriadna hudobn\u00e1 vyspelos\u0165 im v priebehu posledn\u00fdch rokov otvorili dvere na prest\u00ed\u017ene p\u00f3di\u00e1 po celom svete \u2013 od legend\u00e1rnej Carnegie Hall v New Yorku, cez festivaly v Mexico City, Par\u00ed\u017ei, a\u017e po tohtoro\u010dn\u00e9 eur\u00f3pske jazzov\u00e9 festivaly Jazz Baltica, Nancy Jazz Pulsations, Festival des Vents ako aj tri \u00faspe\u0161n\u00e9 turn\u00e9 v Taliansku. Ich hudba zaznela aj vo vysielan\u00ed franc\u00fazskej telev\u00edzie ARTE a doteraz koncertovali u\u017e v 14 krajin\u00e1ch.<\/p>\n<!-- \/wp:paragraph -->\n\n<!-- wp:paragraph -->\n<p>Spev\u00e1\u010dka Krist\u00edna za\u017eiarila aj v roku 2022, ke\u010f sa ako jedin\u00e1 Eur\u00f3panka prebojovala medzi TOP 5 spev\u00e1\u010dok sveta v prest\u00ed\u017enej s\u00fa\u0165a\u017ei Sarah Vaughan Jazz Vocal Competition v New Jersey.<\/p>\n<!-- \/wp:paragraph -->\n\n<!-- wp:paragraph -->\n<p>Dvojica si na svoje konto prip\u00edsala mno\u017estvo ocenen\u00ed \u2013 Cenu And\u011bl za najlep\u0161\u00ed slovensk\u00fd album <em>Blossom Of Your World<\/em>, dve Radio_Head Awards za najlep\u0161\u00ed debut <em>Sleepin&#8216; With The Lights On<\/em> a za singel roka 2021 <em>After War<\/em>. Americk\u00fd magaz\u00edn Jazziz ozna\u010dil ich hudbu za \u201emimoriadny z\u00e1\u017eitok\u201c.<\/p>\n<!-- \/wp:paragraph -->\n\n<!-- wp:paragraph -->\n<p>Na festivale Jazz Pre\u0161ov sa Lash&amp;Grey predstavia v exkluz\u00edvnom zoskupen\u00ed po boku fenomen\u00e1lneho buben\u00edka Martina Valihoru, basgitaristu Richarda Csina a renomovan\u00e9ho sl\u00e1\u010dikov\u00e9ho kvarteta Mucha Quartet.<\/p>\n<!-- \/wp:paragraph -->\t\t\t\t\t\t<\/div>\n\t\t\t\t<\/div>\n\t\t\t\t\t<\/div>\n\t\t<\/div>\n\t\t\t\t\t<\/div>\n\t\t<\/section>\n\t\t\t\t<section class=\"elementor-section elementor-top-section elementor-element elementor-element-ca21c18 elementor-section-boxed elementor-section-height-default elementor-section-height-default\" data-id=\"ca21c18\" data-element_type=\"section\">\n\t\t\t\t\t\t<div class=\"elementor-container elementor-column-gap-default\">\n\t\t\t\t\t<div class=\"elementor-column elementor-col-100 elementor-top-column elementor-element elementor-element-321a19e\" data-id=\"321a19e\" data-element_type=\"column\">\n\t\t\t<div class=\"elementor-widget-wrap\">\n\t\t\t\t\t\t\t<\/div>\n\t\t<\/div>\n\t\t\t\t\t<\/div>\n\t\t<\/section>\n\t\t\t\t<section class=\"elementor-section elementor-top-section elementor-element elementor-element-b51801d elementor-section-boxed elementor-section-height-default elementor-section-height-default\" data-id=\"b51801d\" data-element_type=\"section\">\n\t\t\t\t\t\t<div class=\"elementor-container elementor-column-gap-default\">\n\t\t\t\t\t<div class=\"elementor-column elementor-col-100 elementor-top-column elementor-element elementor-element-7c9cc70\" data-id=\"7c9cc70\" data-element_type=\"column\">\n\t\t\t<div class=\"elementor-widget-wrap elementor-element-populated\">\n\t\t\t\t\t\t<div class=\"elementor-element elementor-element-9a71e03 elementor-widget elementor-widget-video\" data-id=\"9a71e03\" data-element_type=\"widget\" data-settings=\"{&quot;youtube_url&quot;:&quot;https:\\\/\\\/www.youtube.com\\\/watch?v=x4ZVZ6iuUTM&quot;,&quot;video_type&quot;:&quot;youtube&quot;,&quot;controls&quot;:&quot;yes&quot;}\" data-widget_type=\"video.default\">\n\t\t\t\t<div class=\"elementor-widget-container\">\n\t\t\t\t\t<div class=\"elementor-wrapper elementor-open-inline\">\n\t\t\t<div class=\"elementor-video\"><\/div>\t\t<\/div>\n\t\t\t\t<\/div>\n\t\t\t\t<\/div>\n\t\t\t\t<div class=\"elementor-element elementor-element-446ed0e elementor-widget elementor-widget-image\" data-id=\"446ed0e\" data-element_type=\"widget\" data-widget_type=\"image.default\">\n\t\t\t\t<div class=\"elementor-widget-container\">\n\t\t\t\t\t\t\t\t\t\t\t\t\t<img fetchpriority=\"high\" decoding=\"async\" width=\"640\" height=\"640\" src=\"https:\/\/www.jazzpresov.sk\/wp-content\/uploads\/2025\/09\/IG-square-photo-by-Juraj-Mraz-2025-1024x1024.png\" class=\"attachment-large size-large wp-image-1784\" alt=\"\" srcset=\"https:\/\/www.jazzpresov.sk\/wp-content\/uploads\/2025\/09\/IG-square-photo-by-Juraj-Mraz-2025-1024x1024.png 1024w, https:\/\/www.jazzpresov.sk\/wp-content\/uploads\/2025\/09\/IG-square-photo-by-Juraj-Mraz-2025-300x300.png 300w, https:\/\/www.jazzpresov.sk\/wp-content\/uploads\/2025\/09\/IG-square-photo-by-Juraj-Mraz-2025-150x150.png 150w, https:\/\/www.jazzpresov.sk\/wp-content\/uploads\/2025\/09\/IG-square-photo-by-Juraj-Mraz-2025-768x768.png 768w, https:\/\/www.jazzpresov.sk\/wp-content\/uploads\/2025\/09\/IG-square-photo-by-Juraj-Mraz-2025-1536x1536.png 1536w, https:\/\/www.jazzpresov.sk\/wp-content\/uploads\/2025\/09\/IG-square-photo-by-Juraj-Mraz-2025-2048x2048.png 2048w\" sizes=\"(max-width: 640px) 100vw, 640px\" \/>\t\t\t\t\t\t\t\t\t\t\t\t\t<\/div>\n\t\t\t\t<\/div>\n\t\t\t\t\t<\/div>\n\t\t<\/div>\n\t\t\t\t\t<\/div>\n\t\t<\/section>\n\t\t\t\t<\/div>\n\t\t","protected":false},"excerpt":{"rendered":"<p>\u0160tvrtok 23.10.2025, PKO &#8211; \u010cierny orol Lash&amp;Grey patria medzi najv\u00fdraznej\u0161ie talenty s\u00fa\u010dasnej slovenskej hudobnej sc\u00e9ny. Ich autorsk\u00e1 tvorba a mimoriadna hudobn\u00e1 vyspelos\u0165 im v priebehu posledn\u00fdch rokov otvorili dvere na prest\u00ed\u017ene p\u00f3di\u00e1 po celom svete \u2013 od legend\u00e1rnej Carnegie Hall v New Yorku, cez festivaly v Mexico City, Par\u00ed\u017ei, a\u017e po tohtoro\u010dn\u00e9 eur\u00f3pske jazzov\u00e9 festivaly [&hellip;]<\/p>\n","protected":false},"author":2,"featured_media":0,"parent":0,"menu_order":0,"comment_status":"closed","ping_status":"closed","template":"","meta":{"footnotes":""},"class_list":["post-1857","page","type-page","status-publish","hentry"],"_links":{"self":[{"href":"https:\/\/www.jazzpresov.sk\/index.php\/wp-json\/wp\/v2\/pages\/1857"}],"collection":[{"href":"https:\/\/www.jazzpresov.sk\/index.php\/wp-json\/wp\/v2\/pages"}],"about":[{"href":"https:\/\/www.jazzpresov.sk\/index.php\/wp-json\/wp\/v2\/types\/page"}],"author":[{"embeddable":true,"href":"https:\/\/www.jazzpresov.sk\/index.php\/wp-json\/wp\/v2\/users\/2"}],"replies":[{"embeddable":true,"href":"https:\/\/www.jazzpresov.sk\/index.php\/wp-json\/wp\/v2\/comments?post=1857"}],"version-history":[{"count":4,"href":"https:\/\/www.jazzpresov.sk\/index.php\/wp-json\/wp\/v2\/pages\/1857\/revisions"}],"predecessor-version":[{"id":1865,"href":"https:\/\/www.jazzpresov.sk\/index.php\/wp-json\/wp\/v2\/pages\/1857\/revisions\/1865"}],"wp:attachment":[{"href":"https:\/\/www.jazzpresov.sk\/index.php\/wp-json\/wp\/v2\/media?parent=1857"}],"curies":[{"name":"wp","href":"https:\/\/api.w.org\/{rel}","templated":true}]}}