{"id":1799,"date":"2025-09-04T16:34:00","date_gmt":"2025-09-04T14:34:00","guid":{"rendered":"https:\/\/www.jazzpresov.sk\/?page_id=1799"},"modified":"2025-10-20T14:16:36","modified_gmt":"2025-10-20T12:16:36","slug":"25hyphendash","status":"publish","type":"page","link":"https:\/\/www.jazzpresov.sk\/index.php\/25hyphendash\/","title":{"rendered":"HYPHEN DASH \/UA\/"},"content":{"rendered":"\t\t<div data-elementor-type=\"wp-page\" data-elementor-id=\"1799\" class=\"elementor elementor-1799\">\n\t\t\t\t\t\t<section class=\"elementor-section elementor-top-section elementor-element elementor-element-c9faee6 elementor-section-boxed elementor-section-height-default elementor-section-height-default\" data-id=\"c9faee6\" data-element_type=\"section\">\n\t\t\t\t\t\t<div class=\"elementor-container elementor-column-gap-default\">\n\t\t\t\t\t<div class=\"elementor-column elementor-col-100 elementor-top-column elementor-element elementor-element-8728886\" data-id=\"8728886\" data-element_type=\"column\">\n\t\t\t<div class=\"elementor-widget-wrap elementor-element-populated\">\n\t\t\t\t\t\t<div class=\"elementor-element elementor-element-c67dd7d elementor-widget elementor-widget-text-editor\" data-id=\"c67dd7d\" data-element_type=\"widget\" data-widget_type=\"text-editor.default\">\n\t\t\t\t<div class=\"elementor-widget-container\">\n\t\t\t\t\t\t\t<p>\u0160tvrtok 23.10.2025, PKO &#8211; \u010cierny orol<\/p>\n<p data-start=\"0\" data-end=\"329\"><strong data-start=\"0\" data-end=\"15\">Hyphen Dash<\/strong>&nbsp;je kyjevsk\u00e1 fusion-jazzov\u00e1 kapela, ktor\u00e1 sp\u00e1ja slobodu improviz\u00e1cie s rockovou energiou a pulzom elektronickej hudby. Mlad\u00e1, odv\u00e1\u017ena a ambici\u00f3zna skupina pos\u00fava hranice s\u00fa\u010dasn\u00e9ho jazzu, no z\u00e1rove\u0148 zost\u00e1va hlboko prepojen\u00e1 so svojimi kore\u0148mi a reprezentuje ukrajinsk\u00fa nov\u00fa jazzov\u00fa vlnu na medzin\u00e1rodnej \u00farovni.&nbsp;<span style=\"font-family: var( --e-global-typography-text-font-family ), Sans-serif; font-size: 1rem;\">Hyphen Dash ned\u00e1vno vydali svoj prv\u00fd celove\u010dern\u00fd album<\/span><span style=\"font-family: var( --e-global-typography-text-font-family ), Sans-serif; font-size: 1rem;\">&nbsp;<\/span><strong data-start=\"386\" data-end=\"394\" style=\"font-family: var( --e-global-typography-text-font-family ), Sans-serif; font-size: 1rem;\">LATE<\/strong><span style=\"font-family: var( --e-global-typography-text-font-family ), Sans-serif; font-size: 1rem;\">&nbsp;<\/span><span style=\"font-family: var( --e-global-typography-text-font-family ), Sans-serif; font-size: 1rem;\">a moment\u00e1lne sa pripravuj\u00fa na ve\u013ek\u00fd samostatn\u00fd koncert v Kyjeve.&nbsp;<\/span><span style=\"font-family: var( --e-global-typography-text-font-family ), Sans-serif; font-size: 1rem;\">Kapela je \u010dlenom<\/span><span style=\"font-family: var( --e-global-typography-text-font-family ), Sans-serif; font-size: 1rem;\">&nbsp;<\/span><strong data-start=\"480\" data-end=\"505\" style=\"font-family: var( --e-global-typography-text-font-family ), Sans-serif; font-size: 1rem;\">Fusion Jams Community<\/strong><span style=\"font-family: var( --e-global-typography-text-font-family ), Sans-serif; font-size: 1rem;\">&nbsp;<\/span><span style=\"font-family: var( --e-global-typography-text-font-family ), Sans-serif; font-size: 1rem;\">a vlajkov\u00fdm projektom vydavate\u013estva<\/span><span style=\"font-family: var( --e-global-typography-text-font-family ), Sans-serif; font-size: 1rem;\">&nbsp;<\/span><strong data-start=\"542\" data-end=\"563\" style=\"font-family: var( --e-global-typography-text-font-family ), Sans-serif; font-size: 1rem;\">No Time For Swing<\/strong><span style=\"font-family: var( --e-global-typography-text-font-family ), Sans-serif; font-size: 1rem;\">. Hyphen Dash je uzn\u00e1van\u00e1 a re\u0161pektovan\u00e1 na ukrajinskej jazzovej sc\u00e9ne, pri\u010dom postupne roz\u0161iruje svoje p\u00f4sobenie a usiluje sa o prepojenie s \u0161ir\u0161\u00edm glob\u00e1lnym publikom.&nbsp;<\/span><span style=\"font-family: var( --e-global-typography-text-font-family ), Sans-serif; font-size: 1rem;\">N\u00e1v\u0161teva kapely je mo\u017en\u00e1 v\u010faka podpore a zastre\u0161eniu<\/span><span style=\"font-family: var( --e-global-typography-text-font-family ), Sans-serif; font-size: 1rem;\">&nbsp;<\/span><span data-start=\"787\" data-end=\"835\" style=\"font-family: var( --e-global-typography-text-font-family ), Sans-serif; font-size: 1rem;\">Ukrajinsk\u00e9ho in\u0161tit\u00fatu (Ukrainian Institute)<\/span><span style=\"font-family: var( --e-global-typography-text-font-family ), Sans-serif; font-size: 1rem;\">.<\/span><\/p>\n<p data-start=\"91\" data-end=\"684\"><span style=\"font-size: medium;\">Myshko Birchenko \u2014 bicie, l\u00edder kapely<\/span><\/p>\n<p data-start=\"91\" data-end=\"684\"><span style=\"font-size: medium;\">Yevhen Puhachov \u2014 basgitara, gitara<\/span><\/p>\n<p data-start=\"91\" data-end=\"684\"><span style=\"font-size: medium;\">Polina Maiboroda \u2014 kl\u00e1vesy<\/span><span style=\"font-family: var( --e-global-typography-text-font-family ), Sans-serif; font-size: 1rem;\"><br><\/span><\/p>\t\t\t\t\t\t<\/div>\n\t\t\t\t<\/div>\n\t\t\t\t\t<\/div>\n\t\t<\/div>\n\t\t\t\t\t<\/div>\n\t\t<\/section>\n\t\t\t\t<section class=\"elementor-section elementor-top-section elementor-element elementor-element-6882a39 elementor-section-boxed elementor-section-height-default elementor-section-height-default\" data-id=\"6882a39\" data-element_type=\"section\">\n\t\t\t\t\t\t<div class=\"elementor-container elementor-column-gap-default\">\n\t\t\t\t\t<div class=\"elementor-column elementor-col-100 elementor-top-column elementor-element elementor-element-b2bae3e\" data-id=\"b2bae3e\" data-element_type=\"column\">\n\t\t\t<div class=\"elementor-widget-wrap elementor-element-populated\">\n\t\t\t\t\t\t<div class=\"elementor-element elementor-element-b34aee6 elementor-widget elementor-widget-video\" data-id=\"b34aee6\" data-element_type=\"widget\" data-settings=\"{&quot;youtube_url&quot;:&quot;https:\\\/\\\/www.youtube.com\\\/watch?v=Qxcv1KpQuAo&quot;,&quot;video_type&quot;:&quot;youtube&quot;,&quot;controls&quot;:&quot;yes&quot;}\" data-widget_type=\"video.default\">\n\t\t\t\t<div class=\"elementor-widget-container\">\n\t\t\t\t\t<div class=\"elementor-wrapper elementor-open-inline\">\n\t\t\t<div class=\"elementor-video\"><\/div>\t\t<\/div>\n\t\t\t\t<\/div>\n\t\t\t\t<\/div>\n\t\t\t\t\t<\/div>\n\t\t<\/div>\n\t\t\t\t\t<\/div>\n\t\t<\/section>\n\t\t\t\t<section class=\"elementor-section elementor-top-section elementor-element elementor-element-5f49d02 elementor-section-boxed elementor-section-height-default elementor-section-height-default\" data-id=\"5f49d02\" data-element_type=\"section\">\n\t\t\t\t\t\t<div class=\"elementor-container elementor-column-gap-default\">\n\t\t\t\t\t<div class=\"elementor-column elementor-col-100 elementor-top-column elementor-element elementor-element-469c5a1\" data-id=\"469c5a1\" data-element_type=\"column\">\n\t\t\t<div class=\"elementor-widget-wrap elementor-element-populated\">\n\t\t\t\t\t\t<div class=\"elementor-element elementor-element-cf7d08a elementor-widget elementor-widget-image\" data-id=\"cf7d08a\" data-element_type=\"widget\" data-widget_type=\"image.default\">\n\t\t\t\t<div class=\"elementor-widget-container\">\n\t\t\t\t\t\t\t\t\t\t\t\t\t<img fetchpriority=\"high\" decoding=\"async\" width=\"2560\" height=\"1707\" src=\"https:\/\/www.jazzpresov.sk\/wp-content\/uploads\/2025\/09\/DSCF4627-scaled.jpg\" class=\"attachment-full size-full wp-image-1908\" alt=\"\" srcset=\"https:\/\/www.jazzpresov.sk\/wp-content\/uploads\/2025\/09\/DSCF4627-scaled.jpg 2560w, https:\/\/www.jazzpresov.sk\/wp-content\/uploads\/2025\/09\/DSCF4627-300x200.jpg 300w, https:\/\/www.jazzpresov.sk\/wp-content\/uploads\/2025\/09\/DSCF4627-1024x683.jpg 1024w, https:\/\/www.jazzpresov.sk\/wp-content\/uploads\/2025\/09\/DSCF4627-768x512.jpg 768w, https:\/\/www.jazzpresov.sk\/wp-content\/uploads\/2025\/09\/DSCF4627-1536x1024.jpg 1536w, https:\/\/www.jazzpresov.sk\/wp-content\/uploads\/2025\/09\/DSCF4627-2048x1365.jpg 2048w\" sizes=\"(max-width: 2560px) 100vw, 2560px\" \/>\t\t\t\t\t\t\t\t\t\t\t\t\t<\/div>\n\t\t\t\t<\/div>\n\t\t\t\t\t<\/div>\n\t\t<\/div>\n\t\t\t\t\t<\/div>\n\t\t<\/section>\n\t\t\t\t<\/div>\n\t\t","protected":false},"excerpt":{"rendered":"<p>\u0160tvrtok 23.10.2025, PKO &#8211; \u010cierny orol Hyphen Dash&nbsp;je kyjevsk\u00e1 fusion-jazzov\u00e1 kapela, ktor\u00e1 sp\u00e1ja slobodu improviz\u00e1cie s rockovou energiou a pulzom elektronickej hudby. Mlad\u00e1, odv\u00e1\u017ena a ambici\u00f3zna skupina pos\u00fava hranice s\u00fa\u010dasn\u00e9ho jazzu, no z\u00e1rove\u0148 zost\u00e1va hlboko prepojen\u00e1 so svojimi kore\u0148mi a reprezentuje ukrajinsk\u00fa nov\u00fa jazzov\u00fa vlnu na medzin\u00e1rodnej \u00farovni.&nbsp;Hyphen Dash ned\u00e1vno vydali svoj prv\u00fd celove\u010dern\u00fd album&nbsp;LATE&nbsp;a [&hellip;]<\/p>\n","protected":false},"author":2,"featured_media":0,"parent":0,"menu_order":0,"comment_status":"closed","ping_status":"closed","template":"","meta":{"footnotes":""},"class_list":["post-1799","page","type-page","status-publish","hentry"],"_links":{"self":[{"href":"https:\/\/www.jazzpresov.sk\/index.php\/wp-json\/wp\/v2\/pages\/1799"}],"collection":[{"href":"https:\/\/www.jazzpresov.sk\/index.php\/wp-json\/wp\/v2\/pages"}],"about":[{"href":"https:\/\/www.jazzpresov.sk\/index.php\/wp-json\/wp\/v2\/types\/page"}],"author":[{"embeddable":true,"href":"https:\/\/www.jazzpresov.sk\/index.php\/wp-json\/wp\/v2\/users\/2"}],"replies":[{"embeddable":true,"href":"https:\/\/www.jazzpresov.sk\/index.php\/wp-json\/wp\/v2\/comments?post=1799"}],"version-history":[{"count":26,"href":"https:\/\/www.jazzpresov.sk\/index.php\/wp-json\/wp\/v2\/pages\/1799\/revisions"}],"predecessor-version":[{"id":1965,"href":"https:\/\/www.jazzpresov.sk\/index.php\/wp-json\/wp\/v2\/pages\/1799\/revisions\/1965"}],"wp:attachment":[{"href":"https:\/\/www.jazzpresov.sk\/index.php\/wp-json\/wp\/v2\/media?parent=1799"}],"curies":[{"name":"wp","href":"https:\/\/api.w.org\/{rel}","templated":true}]}}