{"id":178,"date":"2019-09-21T17:01:57","date_gmt":"2019-09-21T15:01:57","guid":{"rendered":"http:\/\/test.jazzpresov.sk\/?page_id=178"},"modified":"2019-09-24T21:09:44","modified_gmt":"2019-09-24T19:09:44","slug":"marcel-palonder-ondrej-krajnak","status":"publish","type":"page","link":"https:\/\/www.jazzpresov.sk\/index.php\/marcel-palonder-ondrej-krajnak\/","title":{"rendered":"Marcel Palonder &#038; Ondrej Kraj\u0148\u00e1k"},"content":{"rendered":"\t\t<div data-elementor-type=\"wp-post\" data-elementor-id=\"178\" class=\"elementor elementor-178\">\n\t\t\t\t\t\t<section class=\"elementor-section elementor-top-section elementor-element elementor-element-46d97b4 elementor-section-boxed elementor-section-height-default elementor-section-height-default\" data-id=\"46d97b4\" data-element_type=\"section\">\n\t\t\t\t\t\t<div class=\"elementor-container elementor-column-gap-default\">\n\t\t\t\t\t<div class=\"elementor-column elementor-col-100 elementor-top-column elementor-element elementor-element-2d28b35\" data-id=\"2d28b35\" data-element_type=\"column\">\n\t\t\t<div class=\"elementor-widget-wrap elementor-element-populated\">\n\t\t\t\t\t\t<section class=\"elementor-section elementor-inner-section elementor-element elementor-element-b7794db elementor-section-boxed elementor-section-height-default elementor-section-height-default\" data-id=\"b7794db\" data-element_type=\"section\">\n\t\t\t\t\t\t<div class=\"elementor-container elementor-column-gap-default\">\n\t\t\t\t\t<div class=\"elementor-column elementor-col-50 elementor-inner-column elementor-element elementor-element-89556dd\" data-id=\"89556dd\" data-element_type=\"column\">\n\t\t\t<div class=\"elementor-widget-wrap elementor-element-populated\">\n\t\t\t\t\t\t<div class=\"elementor-element elementor-element-ad1385e elementor-widget elementor-widget-text-editor\" data-id=\"ad1385e\" data-element_type=\"widget\" data-widget_type=\"text-editor.default\">\n\t\t\t\t<div class=\"elementor-widget-container\">\n\t\t\t\t\t\t\t<p><span style=\"font-size: 16pt; color: #000000;\">Marcel Palonder &#8211; spev<\/span><br \/><span style=\"font-size: 16pt; color: #000000;\">Ondrej Kraj\u0148\u00e1k &#8211; klav\u00edr<\/span><\/p><p><span style=\"color: #000000;\"><span style=\"font-size: 18.0pt; line-height: 107%; font-family: Brisk; mso-bidi-font-family: Brisk;\">Marcel Palonder patr\u00ed v\u010faka svojmu nezamenite\u013en\u00e9mu zamatov\u00e9mu hlasu k st\u00e1liciam slovenskej popul\u00e1rnej hudobnej sc\u00e9ny u\u017e takmer tri desa\u0165ro\u010dia. Hoci sa nikdy neusiloval o prvopl\u00e1nov\u00fd komer\u010dn\u00fd \u00faspech, dom\u00e1cich fan\u00fa\u0161ikov si z\u00edskal nad\u010dasov\u00fdm hitom \u201eL\u00e1ska\u201c (ktor\u00fd sa v origin\u00e1lnej podobe i r\u00f4znych cover verzi\u00e1ch \u0161\u00edri \u00e9terom u\u017e 27 rokov).<br \/>Zahrani\u010dn\u00e9mu publiku sa predstavil ako \u00faspe\u0161n\u00fd reprezentant Slovenska na s\u00fa\u0165a\u017ei Eurov\u00edzia a n\u00e1sledne na mnoh\u00fdch v\u00fdznamn\u00fdch medzin\u00e1rodn\u00fdch festivaloch a podujatiach.<br \/>Marcela Palondera ste takisto mohli vidie\u0165 a\u00a0hlavne po\u010du\u0165 vo form\u00e1ci\u00e1ch ako s\u00fa: Mandragora, Accident \u0301s Happen,<\/span> <span style=\"font-size: 18.0pt; line-height: 107%; font-family: Brisk; mso-bidi-font-family: Brisk;\">Deep \u0301n Space, Tango Ultimo a\u00a0\u010fal\u0161ie.<\/span><\/span><\/p><p><span style=\"font-size: 18pt; line-height: 107%; font-family: Brisk; color: #000000;\">Marcel sa dlh\u00e9 roky venuje nie len jazzov\u00e9mu reperto\u00e1ru, ale najm\u00e4 Argent\u00ednskemu tangu Astora Piazzollu, a pr\u00e1ve tento \u017e\u00e1ner bude sprev\u00e1dza\u0165 jeho tohtoro\u010dn\u00e9 vyst\u00fapenie na na\u0161om festivale spolu s\u00a0fenomen\u00e1lnym jazzov\u00fdm klaviristom Ondrejom Kraj\u0148\u00e1kom, ktor\u00fdch spolu sp\u00e1ja nieko\u013eko hudobn\u00fdch form\u00e1ci\u00ed. <\/span><\/p><p><span style=\"font-size: 18pt; line-height: 107%; font-family: Brisk; color: #000000;\"><strong>Ondrej Kraj\u0148\u00e1k<\/strong><br \/>Mlad\u00fd virtu\u00f3zny klavirista, skladate\u013e, aran\u017e\u00e9r a\u00a0interpret\u00a0poch\u00e1dzaj\u00faci z hudobn\u00edckej rodiny. \u0160udoval na Jazzovej akad\u00e9mii Erkela Ferenca v\u00a0Budape\u0161ti (HUN) a\u00a0taktie\u017e sa v\u00a0tomto \u010dase z\u00fa\u010dastnil nieko\u013ek\u00fd s\u00fa\u0165a\u017e\u00ed, kde po sebe zanechal ve\u013ek\u00fd \u00faspech. Dnes je pova\u017eovan\u00fd za jedn\u00e9ho z\u00a0najlep\u0161\u00edch klaviristov na Slovensku.<\/span><\/p><p><span style=\"color: #0000ff;\"><a style=\"background-color: #f3f5f7; font-size: 1rem; color: #0000ff;\" href=\"https:\/\/www.facebook.com\/palondermarcel\/\">https:\/\/www.facebook.com\/palondermarcel<\/a><\/span><br \/><span style=\"color: #0000ff;\"><a style=\"background-color: #f3f5f7; font-size: 1rem; color: #0000ff;\" href=\"http:\/\/ondrejkrajnak.com\/\">http:\/\/ondrejkrajnak.com\/<\/a><\/span><\/p>\t\t\t\t\t\t<\/div>\n\t\t\t\t<\/div>\n\t\t\t\t\t<\/div>\n\t\t<\/div>\n\t\t\t\t<div class=\"elementor-column elementor-col-50 elementor-inner-column elementor-element elementor-element-d5f7e51\" data-id=\"d5f7e51\" data-element_type=\"column\">\n\t\t\t<div class=\"elementor-widget-wrap elementor-element-populated\">\n\t\t\t\t\t\t<div class=\"elementor-element elementor-element-d34e835 elementor-widget elementor-widget-image-gallery\" data-id=\"d34e835\" data-element_type=\"widget\" data-widget_type=\"image-gallery.default\">\n\t\t\t\t<div class=\"elementor-widget-container\">\n\t\t\t\t\t<div class=\"elementor-image-gallery\">\n\t\t\t<div id='gallery-1' class='gallery galleryid-178 gallery-columns-1 gallery-size-large'><figure class='gallery-item'>\n\t\t\t<div class='gallery-icon portrait'>\n\t\t\t\t<a data-elementor-open-lightbox=\"yes\" data-elementor-lightbox-slideshow=\"d34e835\" data-elementor-lightbox-title=\"Screen Shot 2019-05-02 at 21.28.48\" data-e-action-hash=\"#elementor-action%3Aaction%3Dlightbox%26settings%3DeyJpZCI6MTgxLCJ1cmwiOiJodHRwczpcL1wvd3d3LmphenpwcmVzb3Yuc2tcL3dwLWNvbnRlbnRcL3VwbG9hZHNcLzIwMTlcLzA5XC9TY3JlZW4tU2hvdC0yMDE5LTA1LTAyLWF0LTIxLjI4LjQ4LnBuZyIsInNsaWRlc2hvdyI6ImQzNGU4MzUifQ%3D%3D\" href='https:\/\/www.jazzpresov.sk\/wp-content\/uploads\/2019\/09\/Screen-Shot-2019-05-02-at-21.28.48.png'><img fetchpriority=\"high\" decoding=\"async\" width=\"640\" height=\"840\" src=\"https:\/\/www.jazzpresov.sk\/wp-content\/uploads\/2019\/09\/Screen-Shot-2019-05-02-at-21.28.48.png\" class=\"attachment-large size-large\" alt=\"\" \/><\/a>\n\t\t\t<\/div><\/figure><figure class='gallery-item'>\n\t\t\t<div class='gallery-icon landscape'>\n\t\t\t\t<a data-elementor-open-lightbox=\"yes\" data-elementor-lightbox-slideshow=\"d34e835\" data-elementor-lightbox-title=\"_k8c8941\" data-e-action-hash=\"#elementor-action%3Aaction%3Dlightbox%26settings%3DeyJpZCI6MTgzLCJ1cmwiOiJodHRwczpcL1wvd3d3LmphenpwcmVzb3Yuc2tcL3dwLWNvbnRlbnRcL3VwbG9hZHNcLzIwMTlcLzA5XC9rOGM4OTQxLmpwZyIsInNsaWRlc2hvdyI6ImQzNGU4MzUifQ%3D%3D\" href='https:\/\/www.jazzpresov.sk\/wp-content\/uploads\/2019\/09\/k8c8941.jpg'><img decoding=\"async\" width=\"640\" height=\"640\" src=\"https:\/\/www.jazzpresov.sk\/wp-content\/uploads\/2019\/09\/k8c8941.jpg\" class=\"attachment-large size-large\" alt=\"\" \/><\/a>\n\t\t\t<\/div><\/figure>\n\t\t<\/div>\n\t\t<\/div>\n\t\t\t\t<\/div>\n\t\t\t\t<\/div>\n\t\t\t\t\t<\/div>\n\t\t<\/div>\n\t\t\t\t\t<\/div>\n\t\t<\/section>\n\t\t\t\t\t<\/div>\n\t\t<\/div>\n\t\t\t\t\t<\/div>\n\t\t<\/section>\n\t\t\t\t<section class=\"elementor-section elementor-top-section elementor-element elementor-element-1e61808 elementor-section-boxed elementor-section-height-default elementor-section-height-default\" data-id=\"1e61808\" data-element_type=\"section\">\n\t\t\t\t\t\t<div class=\"elementor-container elementor-column-gap-default\">\n\t\t\t\t\t<div class=\"elementor-column elementor-col-100 elementor-top-column elementor-element elementor-element-533119c\" data-id=\"533119c\" data-element_type=\"column\">\n\t\t\t<div class=\"elementor-widget-wrap elementor-element-populated\">\n\t\t\t\t\t\t<section class=\"elementor-section elementor-inner-section elementor-element elementor-element-016dc69 elementor-section-boxed elementor-section-height-default elementor-section-height-default\" data-id=\"016dc69\" data-element_type=\"section\">\n\t\t\t\t\t\t<div class=\"elementor-container elementor-column-gap-default\">\n\t\t\t\t\t<div class=\"elementor-column elementor-col-50 elementor-inner-column elementor-element elementor-element-00a4312\" data-id=\"00a4312\" data-element_type=\"column\">\n\t\t\t<div class=\"elementor-widget-wrap elementor-element-populated\">\n\t\t\t\t\t\t<div class=\"elementor-element elementor-element-8871bf0 elementor-widget elementor-widget-video\" data-id=\"8871bf0\" data-element_type=\"widget\" data-settings=\"{&quot;youtube_url&quot;:&quot;https:\\\/\\\/www.youtube.com\\\/watch?v=pi7ZLR0cjC8&quot;,&quot;video_type&quot;:&quot;youtube&quot;,&quot;controls&quot;:&quot;yes&quot;}\" data-widget_type=\"video.default\">\n\t\t\t\t<div class=\"elementor-widget-container\">\n\t\t\t\t\t<div class=\"elementor-wrapper elementor-open-inline\">\n\t\t\t<div class=\"elementor-video\"><\/div>\t\t<\/div>\n\t\t\t\t<\/div>\n\t\t\t\t<\/div>\n\t\t\t\t\t<\/div>\n\t\t<\/div>\n\t\t\t\t<div class=\"elementor-column elementor-col-50 elementor-inner-column elementor-element elementor-element-0e1cfb3\" data-id=\"0e1cfb3\" data-element_type=\"column\">\n\t\t\t<div class=\"elementor-widget-wrap elementor-element-populated\">\n\t\t\t\t\t\t<div class=\"elementor-element elementor-element-a966d85 elementor-widget elementor-widget-video\" data-id=\"a966d85\" data-element_type=\"widget\" data-settings=\"{&quot;youtube_url&quot;:&quot;https:\\\/\\\/www.youtube.com\\\/watch?v=Gkrw-EccbIo&amp;list=RDEMkFquKylz1U6UQNQ57Zr1ww&amp;start_radio=1&quot;,&quot;video_type&quot;:&quot;youtube&quot;,&quot;controls&quot;:&quot;yes&quot;}\" data-widget_type=\"video.default\">\n\t\t\t\t<div class=\"elementor-widget-container\">\n\t\t\t\t\t<div class=\"elementor-wrapper elementor-open-inline\">\n\t\t\t<div class=\"elementor-video\"><\/div>\t\t<\/div>\n\t\t\t\t<\/div>\n\t\t\t\t<\/div>\n\t\t\t\t\t<\/div>\n\t\t<\/div>\n\t\t\t\t\t<\/div>\n\t\t<\/section>\n\t\t\t\t\t<\/div>\n\t\t<\/div>\n\t\t\t\t\t<\/div>\n\t\t<\/section>\n\t\t\t\t<\/div>\n\t\t","protected":false},"excerpt":{"rendered":"<p>Marcel Palonder &#8211; spevOndrej Kraj\u0148\u00e1k &#8211; klav\u00edr Marcel Palonder patr\u00ed v\u010faka svojmu nezamenite\u013en\u00e9mu zamatov\u00e9mu hlasu k st\u00e1liciam slovenskej popul\u00e1rnej hudobnej sc\u00e9ny u\u017e takmer tri desa\u0165ro\u010dia. Hoci sa nikdy neusiloval o prvopl\u00e1nov\u00fd komer\u010dn\u00fd \u00faspech, dom\u00e1cich fan\u00fa\u0161ikov si z\u00edskal nad\u010dasov\u00fdm hitom \u201eL\u00e1ska\u201c (ktor\u00fd sa v origin\u00e1lnej podobe i r\u00f4znych cover verzi\u00e1ch \u0161\u00edri \u00e9terom u\u017e 27 rokov).Zahrani\u010dn\u00e9mu publiku [&hellip;]<\/p>\n","protected":false},"author":1,"featured_media":0,"parent":0,"menu_order":0,"comment_status":"closed","ping_status":"closed","template":"","meta":{"footnotes":""},"class_list":["post-178","page","type-page","status-publish","hentry"],"_links":{"self":[{"href":"https:\/\/www.jazzpresov.sk\/index.php\/wp-json\/wp\/v2\/pages\/178"}],"collection":[{"href":"https:\/\/www.jazzpresov.sk\/index.php\/wp-json\/wp\/v2\/pages"}],"about":[{"href":"https:\/\/www.jazzpresov.sk\/index.php\/wp-json\/wp\/v2\/types\/page"}],"author":[{"embeddable":true,"href":"https:\/\/www.jazzpresov.sk\/index.php\/wp-json\/wp\/v2\/users\/1"}],"replies":[{"embeddable":true,"href":"https:\/\/www.jazzpresov.sk\/index.php\/wp-json\/wp\/v2\/comments?post=178"}],"version-history":[{"count":7,"href":"https:\/\/www.jazzpresov.sk\/index.php\/wp-json\/wp\/v2\/pages\/178\/revisions"}],"predecessor-version":[{"id":413,"href":"https:\/\/www.jazzpresov.sk\/index.php\/wp-json\/wp\/v2\/pages\/178\/revisions\/413"}],"wp:attachment":[{"href":"https:\/\/www.jazzpresov.sk\/index.php\/wp-json\/wp\/v2\/media?parent=178"}],"curies":[{"name":"wp","href":"https:\/\/api.w.org\/{rel}","templated":true}]}}