{"id":16,"date":"2019-09-03T20:35:55","date_gmt":"2019-09-03T18:35:55","guid":{"rendered":"http:\/\/test.jazzpresov.sk\/?page_id=16"},"modified":"2022-08-22T12:41:02","modified_gmt":"2022-08-22T10:41:02","slug":"o-nas","status":"publish","type":"page","link":"https:\/\/www.jazzpresov.sk\/index.php\/o-nas\/","title":{"rendered":"O n\u00e1s"},"content":{"rendered":"\t\t<div data-elementor-type=\"wp-post\" data-elementor-id=\"16\" class=\"elementor elementor-16\">\n\t\t\t\t\t\t<section class=\"elementor-section elementor-top-section elementor-element elementor-element-b00a404 elementor-section-boxed elementor-section-height-default elementor-section-height-default\" data-id=\"b00a404\" data-element_type=\"section\">\n\t\t\t\t\t\t<div class=\"elementor-container elementor-column-gap-default\">\n\t\t\t\t\t<div class=\"elementor-column elementor-col-100 elementor-top-column elementor-element elementor-element-4e815d1\" data-id=\"4e815d1\" data-element_type=\"column\">\n\t\t\t<div class=\"elementor-widget-wrap elementor-element-populated\">\n\t\t\t\t\t\t<div class=\"elementor-element elementor-element-06835df elementor-widget elementor-widget-text-editor\" data-id=\"06835df\" data-element_type=\"widget\" data-widget_type=\"text-editor.default\">\n\t\t\t\t<div class=\"elementor-widget-container\">\n\t\t\t\t\t\t\t<p>OZ PO ART vzniklo v roku 2006 a jedn\u00fdm z jeho hlavn\u00fdch cie\u013eov bola spolupr\u00e1ca\u00a0<span style=\"font-size: 1rem;\">a vytv\u00e1ranie partnerstiev s \u010fal\u0161\u00edmi MVO a t\u00fdm prispieva\u0165 k zlep\u0161eniu a skvalitneniu \u017eivota\u00a0<\/span><span style=\"font-size: 1rem;\">a kult\u00fary na\u0161ich obyvate\u013eov.\u00a0<\/span><span style=\"font-size: 1rem;\">Ob\u010dianske zdru\u017eenie PO ART m\u00e1 dlhoro\u010dn\u00e9 a bohat\u00e9 sk\u00fasenosti s realiz\u00e1ciou r\u00f4znych\u00a0<\/span><span style=\"font-size: 1rem;\">podujat\u00ed zameran\u00fdch predov\u0161etk\u00fdm na oblas\u0165 kult\u00fary. Samotn\u00fdm d\u00f4kazom je v\u00fdznamn\u00e9\u00a0<\/span><span style=\"font-size: 1rem;\">postavenie a vysok\u00e1 n\u00e1v\u0161tevnos\u0165 medzin\u00e1rodn\u00e9ho jazzov\u00e9ho festivalu, ktor\u00fd u\u017e tridsa\u0165 rokov\u00a0<\/span><span style=\"font-size: 1rem;\">organizuje a svojou kvalitou je zn\u00e1my aj v zahrani\u010d\u00ed. T\u00fdmito aktivitami PO ART v\u00fdznamne\u00a0<\/span><span style=\"font-size: 1rem;\">prispieva k rozvoju hudobn\u00e9ho umenia, vzdel\u00e1vania a hudobnej osvety v na\u0161om regi\u00f3ne.\u00a0<\/span><\/p>\t\t\t\t\t\t<\/div>\n\t\t\t\t<\/div>\n\t\t\t\t\t<\/div>\n\t\t<\/div>\n\t\t\t\t\t<\/div>\n\t\t<\/section>\n\t\t\t\t<section class=\"elementor-section elementor-top-section elementor-element elementor-element-2eda707 elementor-section-boxed elementor-section-height-default elementor-section-height-default\" data-id=\"2eda707\" data-element_type=\"section\">\n\t\t\t\t\t\t<div class=\"elementor-container elementor-column-gap-default\">\n\t\t\t\t\t<div class=\"elementor-column elementor-col-100 elementor-top-column elementor-element elementor-element-beb7246\" data-id=\"beb7246\" data-element_type=\"column\">\n\t\t\t<div class=\"elementor-widget-wrap elementor-element-populated\">\n\t\t\t\t\t\t<div class=\"elementor-element elementor-element-4755fc3 elementor-widget elementor-widget-button\" data-id=\"4755fc3\" data-element_type=\"widget\" data-widget_type=\"button.default\">\n\t\t\t\t<div class=\"elementor-widget-container\">\n\t\t\t\t\t<div class=\"elementor-button-wrapper\">\n\t\t\t<a class=\"elementor-button elementor-button-link elementor-size-sm\" href=\"http:\/\/www.jazzpresov.sk\/wp-content\/uploads\/2022\/07\/OZ_PO_ART_stanovy.zip\" target=\"_blank\">\n\t\t\t\t\t\t<span class=\"elementor-button-content-wrapper\">\n\t\t\t\t\t\t\t\t\t<span class=\"elementor-button-text\">Stanovy<\/span>\n\t\t\t\t\t<\/span>\n\t\t\t\t\t<\/a>\n\t\t<\/div>\n\t\t\t\t<\/div>\n\t\t\t\t<\/div>\n\t\t\t\t\t<\/div>\n\t\t<\/div>\n\t\t\t\t\t<\/div>\n\t\t<\/section>\n\t\t\t\t<\/div>\n\t\t","protected":false},"excerpt":{"rendered":"<p>OZ PO ART vzniklo v roku 2006 a jedn\u00fdm z jeho hlavn\u00fdch cie\u013eov bola spolupr\u00e1ca\u00a0a vytv\u00e1ranie partnerstiev s \u010fal\u0161\u00edmi MVO a t\u00fdm prispieva\u0165 k zlep\u0161eniu a skvalitneniu \u017eivota\u00a0a kult\u00fary na\u0161ich obyvate\u013eov.\u00a0Ob\u010dianske zdru\u017eenie PO ART m\u00e1 dlhoro\u010dn\u00e9 a bohat\u00e9 sk\u00fasenosti s realiz\u00e1ciou r\u00f4znych\u00a0podujat\u00ed zameran\u00fdch predov\u0161etk\u00fdm na oblas\u0165 kult\u00fary. Samotn\u00fdm d\u00f4kazom je v\u00fdznamn\u00e9\u00a0postavenie a vysok\u00e1 n\u00e1v\u0161tevnos\u0165 medzin\u00e1rodn\u00e9ho [&hellip;]<\/p>\n","protected":false},"author":1,"featured_media":0,"parent":0,"menu_order":0,"comment_status":"closed","ping_status":"closed","template":"","meta":{"footnotes":""},"class_list":["post-16","page","type-page","status-publish","hentry"],"_links":{"self":[{"href":"https:\/\/www.jazzpresov.sk\/index.php\/wp-json\/wp\/v2\/pages\/16"}],"collection":[{"href":"https:\/\/www.jazzpresov.sk\/index.php\/wp-json\/wp\/v2\/pages"}],"about":[{"href":"https:\/\/www.jazzpresov.sk\/index.php\/wp-json\/wp\/v2\/types\/page"}],"author":[{"embeddable":true,"href":"https:\/\/www.jazzpresov.sk\/index.php\/wp-json\/wp\/v2\/users\/1"}],"replies":[{"embeddable":true,"href":"https:\/\/www.jazzpresov.sk\/index.php\/wp-json\/wp\/v2\/comments?post=16"}],"version-history":[{"count":12,"href":"https:\/\/www.jazzpresov.sk\/index.php\/wp-json\/wp\/v2\/pages\/16\/revisions"}],"predecessor-version":[{"id":1087,"href":"https:\/\/www.jazzpresov.sk\/index.php\/wp-json\/wp\/v2\/pages\/16\/revisions\/1087"}],"wp:attachment":[{"href":"https:\/\/www.jazzpresov.sk\/index.php\/wp-json\/wp\/v2\/media?parent=16"}],"curies":[{"name":"wp","href":"https:\/\/api.w.org\/{rel}","templated":true}]}}