{"id":1273,"date":"2022-10-09T13:29:40","date_gmt":"2022-10-09T11:29:40","guid":{"rendered":"http:\/\/www.jazzpresov.sk\/?page_id=1273"},"modified":"2022-10-10T00:24:07","modified_gmt":"2022-10-09T22:24:07","slug":"tariska-hodek-modal-trap","status":"publish","type":"page","link":"https:\/\/www.jazzpresov.sk\/index.php\/tariska-hodek-modal-trap\/","title":{"rendered":"TARI\u0160KA\/HODEK MODAL TRAP"},"content":{"rendered":"\t\t<div data-elementor-type=\"wp-post\" data-elementor-id=\"1273\" class=\"elementor elementor-1273\">\n\t\t\t\t\t\t<section class=\"elementor-section elementor-top-section elementor-element elementor-element-80d20ac elementor-section-boxed elementor-section-height-default elementor-section-height-default\" data-id=\"80d20ac\" data-element_type=\"section\">\n\t\t\t\t\t\t<div class=\"elementor-container elementor-column-gap-default\">\n\t\t\t\t\t<div class=\"elementor-column elementor-col-100 elementor-top-column elementor-element elementor-element-3b714a2\" data-id=\"3b714a2\" data-element_type=\"column\">\n\t\t\t<div class=\"elementor-widget-wrap elementor-element-populated\">\n\t\t\t\t\t\t<section class=\"elementor-section elementor-inner-section elementor-element elementor-element-2d85f52 elementor-section-boxed elementor-section-height-default elementor-section-height-default\" data-id=\"2d85f52\" data-element_type=\"section\">\n\t\t\t\t\t\t<div class=\"elementor-container elementor-column-gap-default\">\n\t\t\t\t\t<div class=\"elementor-column elementor-col-100 elementor-inner-column elementor-element elementor-element-6b1bc6f\" data-id=\"6b1bc6f\" data-element_type=\"column\">\n\t\t\t<div class=\"elementor-widget-wrap elementor-element-populated\">\n\t\t\t\t\t\t<div class=\"elementor-element elementor-element-6832525 elementor-widget elementor-widget-heading\" data-id=\"6832525\" data-element_type=\"widget\" data-widget_type=\"heading.default\">\n\t\t\t\t<div class=\"elementor-widget-container\">\n\t\t\t<h2 class=\"elementor-heading-title elementor-size-default\">TARI\u0160KA\/HODEK MODAL TRAP \/SK\/<\/h2>\t\t<\/div>\n\t\t\t\t<\/div>\n\t\t\t\t<div class=\"elementor-element elementor-element-92b6a52 elementor-widget elementor-widget-text-editor\" data-id=\"92b6a52\" data-element_type=\"widget\" data-widget_type=\"text-editor.default\">\n\t\t\t\t<div class=\"elementor-widget-container\">\n\t\t\t\t\t\t\t<p>Radovan Tari\u0161ka, D\u00e1vid Hodek, \u00c1ron Hodek, Eugen Vizv\u00e1ry. Tieto men\u00e1 pokope tvoria jednozna\u010dn\u00fa z\u00e1ruku kvalitnej a\u00a0nezabudnute\u013enej produkcie, ktor\u00fa po sebe na slovenskej hudobnej sc\u00e9ne zanech\u00e1vaj\u00fa.<\/p><p>Radovan Tari\u0161ka, \u0161pi\u010dkov\u00fd eur\u00f3psky saxofoniska, skladate\u013e a\u00a0l\u00edder tohto projektu. Eugen Vizv\u00e1ry, sk\u00fasen\u00fd klavirista, ktor\u00fd dokonale ovl\u00e1da zvuky svojich syntetiz\u00e1torov. Bratia Hodekovci, zjav na slovenskej hudobnej sc\u00e9ne. Dokonale pokrvne zviazan\u00e1 rytmick\u00e1 sekcia 25 ro\u010dn\u00e9ho D\u00e1vida Hodeka za bic\u00edmi a\u00a0len 11 ro\u010dn\u00e9ho \u00c1rona Hodeka na basgitare, ktor\u00fdch sk\u00fasenosti a\u00a0schopnosti rast\u00fa raketov\u00fdm tempom.<\/p><p>T\u00e1to skvel\u00e1 partia prich\u00e1dza na festival s\u00a0projektom Modal Trap. Na prv\u00fd poh\u013ead spojenie nespojite\u013en\u00e9ho \u2013 jazz, hip-hop, trap. Ale je to naozaj tak? Nechajme sa spolo\u010dne prekvapi\u0165 po\u010das vyvrcholenia druh\u00e9ho d\u0148a a\u00a0t\u00fdm p\u00e1dom aj cel\u00e9ho 31. Ro\u010dn\u00edka Jazz Pre\u0161ov.<\/p><p><a href=\"https:\/\/www.facebook.com\/radovan.tariska\" target=\"_blank\" rel=\"noopener\">Radovan Tari\u0161ka<\/a><\/p><p><a href=\"https:\/\/www.facebook.com\/profile.php?id=100000470021478\" target=\"_blank\" rel=\"noopener\">D\u00e1vid Hodek<\/a><\/p><p><a href=\"https:\/\/www.facebook.com\/aronthebassist\" target=\"_blank\" rel=\"noopener\">\u00c1ron Hodek<\/a><\/p><p><a href=\"https:\/\/www.facebook.com\/eugen.vizvary.1\" target=\"_blank\" rel=\"noopener\">Eugen Vizv\u00e1ry<\/a><\/p>\t\t\t\t\t\t<\/div>\n\t\t\t\t<\/div>\n\t\t\t\t<div class=\"elementor-element elementor-element-df05ea4 elementor-widget elementor-widget-image-gallery\" data-id=\"df05ea4\" data-element_type=\"widget\" data-widget_type=\"image-gallery.default\">\n\t\t\t\t<div class=\"elementor-widget-container\">\n\t\t\t\t\t<div class=\"elementor-image-gallery\">\n\t\t\t<div id='gallery-1' class='gallery galleryid-1273 gallery-columns-1 gallery-size-musican-featured'><figure class='gallery-item'>\n\t\t\t<div class='gallery-icon landscape'>\n\t\t\t\t<a data-elementor-open-lightbox=\"yes\" data-elementor-lightbox-slideshow=\"df05ea4\" data-elementor-lightbox-title=\"p5200416-edit40923\" data-e-action-hash=\"#elementor-action%3Aaction%3Dlightbox%26settings%3DeyJpZCI6MTMyMCwidXJsIjoiaHR0cHM6XC9cL3d3dy5qYXp6cHJlc292LnNrXC93cC1jb250ZW50XC91cGxvYWRzXC8yMDIyXC8xMFwvcDUyMDA0MTYtZWRpdDQwOTIzLmpwZyIsInNsaWRlc2hvdyI6ImRmMDVlYTQifQ%3D%3D\" href='https:\/\/www.jazzpresov.sk\/wp-content\/uploads\/2022\/10\/p5200416-edit40923.jpg'><img fetchpriority=\"high\" decoding=\"async\" width=\"620\" height=\"465\" src=\"https:\/\/www.jazzpresov.sk\/wp-content\/uploads\/2022\/10\/p5200416-edit40923.jpg\" class=\"attachment-musican-featured size-musican-featured\" alt=\"\" \/><\/a>\n\t\t\t<\/div><\/figure><figure class='gallery-item'>\n\t\t\t<div class='gallery-icon landscape'>\n\t\t\t\t<a data-elementor-open-lightbox=\"yes\" data-elementor-lightbox-slideshow=\"df05ea4\" data-elementor-lightbox-title=\"p5200454-edit40928\" data-e-action-hash=\"#elementor-action%3Aaction%3Dlightbox%26settings%3DeyJpZCI6MTMyMSwidXJsIjoiaHR0cHM6XC9cL3d3dy5qYXp6cHJlc292LnNrXC93cC1jb250ZW50XC91cGxvYWRzXC8yMDIyXC8xMFwvcDUyMDA0NTQtZWRpdDQwOTI4LmpwZyIsInNsaWRlc2hvdyI6ImRmMDVlYTQifQ%3D%3D\" href='https:\/\/www.jazzpresov.sk\/wp-content\/uploads\/2022\/10\/p5200454-edit40928.jpg'><img decoding=\"async\" width=\"620\" height=\"465\" src=\"https:\/\/www.jazzpresov.sk\/wp-content\/uploads\/2022\/10\/p5200454-edit40928.jpg\" class=\"attachment-musican-featured size-musican-featured\" alt=\"\" \/><\/a>\n\t\t\t<\/div><\/figure><figure class='gallery-item'>\n\t\t\t<div class='gallery-icon landscape'>\n\t\t\t\t<a data-elementor-open-lightbox=\"yes\" data-elementor-lightbox-slideshow=\"df05ea4\" data-elementor-lightbox-title=\"p5200677-edit40935\" data-e-action-hash=\"#elementor-action%3Aaction%3Dlightbox%26settings%3DeyJpZCI6MTMyMiwidXJsIjoiaHR0cHM6XC9cL3d3dy5qYXp6cHJlc292LnNrXC93cC1jb250ZW50XC91cGxvYWRzXC8yMDIyXC8xMFwvcDUyMDA2NzctZWRpdDQwOTM1LmpwZyIsInNsaWRlc2hvdyI6ImRmMDVlYTQifQ%3D%3D\" href='https:\/\/www.jazzpresov.sk\/wp-content\/uploads\/2022\/10\/p5200677-edit40935.jpg'><img decoding=\"async\" width=\"620\" height=\"465\" src=\"https:\/\/www.jazzpresov.sk\/wp-content\/uploads\/2022\/10\/p5200677-edit40935.jpg\" class=\"attachment-musican-featured size-musican-featured\" alt=\"\" \/><\/a>\n\t\t\t<\/div><\/figure><figure class='gallery-item'>\n\t\t\t<div class='gallery-icon landscape'>\n\t\t\t\t<a data-elementor-open-lightbox=\"yes\" data-elementor-lightbox-slideshow=\"df05ea4\" data-elementor-lightbox-title=\"p5200809-edit40939\" data-e-action-hash=\"#elementor-action%3Aaction%3Dlightbox%26settings%3DeyJpZCI6MTMyMywidXJsIjoiaHR0cHM6XC9cL3d3dy5qYXp6cHJlc292LnNrXC93cC1jb250ZW50XC91cGxvYWRzXC8yMDIyXC8xMFwvcDUyMDA4MDktZWRpdDQwOTM5LmpwZyIsInNsaWRlc2hvdyI6ImRmMDVlYTQifQ%3D%3D\" href='https:\/\/www.jazzpresov.sk\/wp-content\/uploads\/2022\/10\/p5200809-edit40939.jpg'><img loading=\"lazy\" decoding=\"async\" width=\"620\" height=\"465\" src=\"https:\/\/www.jazzpresov.sk\/wp-content\/uploads\/2022\/10\/p5200809-edit40939.jpg\" class=\"attachment-musican-featured size-musican-featured\" alt=\"\" \/><\/a>\n\t\t\t<\/div><\/figure>\n\t\t<\/div>\n\t\t<\/div>\n\t\t\t\t<\/div>\n\t\t\t\t<\/div>\n\t\t\t\t<div class=\"elementor-element elementor-element-cf7da50 elementor-widget elementor-widget-video\" data-id=\"cf7da50\" data-element_type=\"widget\" data-settings=\"{&quot;youtube_url&quot;:&quot;https:\\\/\\\/www.youtube.com\\\/watch?v=VwN35R8xATo&quot;,&quot;video_type&quot;:&quot;youtube&quot;,&quot;controls&quot;:&quot;yes&quot;}\" data-widget_type=\"video.default\">\n\t\t\t\t<div class=\"elementor-widget-container\">\n\t\t\t\t\t<div class=\"elementor-wrapper elementor-open-inline\">\n\t\t\t<div class=\"elementor-video\"><\/div>\t\t<\/div>\n\t\t\t\t<\/div>\n\t\t\t\t<\/div>\n\t\t\t\t\t<\/div>\n\t\t<\/div>\n\t\t\t\t\t<\/div>\n\t\t<\/section>\n\t\t\t\t\t<\/div>\n\t\t<\/div>\n\t\t\t\t\t<\/div>\n\t\t<\/section>\n\t\t\t\t<\/div>\n\t\t","protected":false},"excerpt":{"rendered":"<p>TARI\u0160KA\/HODEK MODAL TRAP \/SK\/ Radovan Tari\u0161ka, D\u00e1vid Hodek, \u00c1ron Hodek, Eugen Vizv\u00e1ry. Tieto men\u00e1 pokope tvoria jednozna\u010dn\u00fa z\u00e1ruku kvalitnej a\u00a0nezabudnute\u013enej produkcie, ktor\u00fa po sebe na slovenskej hudobnej sc\u00e9ne zanech\u00e1vaj\u00fa. Radovan Tari\u0161ka, \u0161pi\u010dkov\u00fd eur\u00f3psky saxofoniska, skladate\u013e a\u00a0l\u00edder tohto projektu. Eugen Vizv\u00e1ry, sk\u00fasen\u00fd klavirista, ktor\u00fd dokonale ovl\u00e1da zvuky svojich syntetiz\u00e1torov. Bratia Hodekovci, zjav na slovenskej hudobnej sc\u00e9ne. [&hellip;]<\/p>\n","protected":false},"author":1,"featured_media":0,"parent":0,"menu_order":0,"comment_status":"closed","ping_status":"closed","template":"elementor_header_footer","meta":{"footnotes":""},"class_list":["post-1273","page","type-page","status-publish","hentry"],"_links":{"self":[{"href":"https:\/\/www.jazzpresov.sk\/index.php\/wp-json\/wp\/v2\/pages\/1273"}],"collection":[{"href":"https:\/\/www.jazzpresov.sk\/index.php\/wp-json\/wp\/v2\/pages"}],"about":[{"href":"https:\/\/www.jazzpresov.sk\/index.php\/wp-json\/wp\/v2\/types\/page"}],"author":[{"embeddable":true,"href":"https:\/\/www.jazzpresov.sk\/index.php\/wp-json\/wp\/v2\/users\/1"}],"replies":[{"embeddable":true,"href":"https:\/\/www.jazzpresov.sk\/index.php\/wp-json\/wp\/v2\/comments?post=1273"}],"version-history":[{"count":2,"href":"https:\/\/www.jazzpresov.sk\/index.php\/wp-json\/wp\/v2\/pages\/1273\/revisions"}],"predecessor-version":[{"id":1324,"href":"https:\/\/www.jazzpresov.sk\/index.php\/wp-json\/wp\/v2\/pages\/1273\/revisions\/1324"}],"wp:attachment":[{"href":"https:\/\/www.jazzpresov.sk\/index.php\/wp-json\/wp\/v2\/media?parent=1273"}],"curies":[{"name":"wp","href":"https:\/\/api.w.org\/{rel}","templated":true}]}}